{"id":2584,"date":"2023-08-03T10:32:21","date_gmt":"2023-08-03T10:32:21","guid":{"rendered":"http:\/\/clapat-themes.com\/wordpress\/serano\/?page_id=2584"},"modified":"2026-03-11T09:40:39","modified_gmt":"2026-03-11T09:40:39","slug":"about-2","status":"publish","type":"page","link":"https:\/\/alexislyotard.com\/?page_id=2584","title":{"rendered":"\u00c0 Propos"},"content":{"rendered":"\n<div class=\"wp-block-serano-gutenberg-container content-row light-section normal row_padding_top row_padding_bottom change-header-color\" data-bgcolor=\"#ffffff\" style=\"text-align:center\">\n<h5 class=\"wp-block-heading has-mask-fill\">Ce que je vous propose<\/h5>\n\n\n\n<div class=\"marquee-text-wrapper \"><h1 class=\"marquee-text big-title fw\">Graphisme \u2022 Branding \u2022 Communication \u2022 Site Internet \u2022 Vid\u00e9o \u2022 R\u00e9seaux Sociaux \u2022<\/h1><\/div>\n\n\n\n<div class=\"marquee-text-wrapper \"><h1 class=\"marquee-text big-title bw\">Graphisme \u2022 Branding \u2022 Communication \u2022 Site Internet \u2022 Vid\u00e9o \u2022 R\u00e9seaux Sociaux \u2022<\/h1><\/div>\n<\/div>\n\n\n\n<div class=\"wp-block-serano-gutenberg-container content-row dark-section full row_padding_left row_padding_right\" data-bgcolor=\"#171717\" style=\"text-align:center\">\n<div class=\"wp-block-serano-gutenberg-slowed-text-pin-gallery slowed-pin\"><div class=\"slowed-text\"><h5>Mon approche<\/h5><h1 class=\"big-title\">UN DESIGN QUI A DU SENS AVANT D\u2019\u00caTRE JOLI.<\/h1><hr\/><h5>Comprendre le contexte d\u2019un projet, ses objectifs et ses contraintes est une \u00e9tape essentielle.\nLe design n\u2019est pas une finalit\u00e9 en soi, mais un outil au service d\u2019une activit\u00e9, de ses usages et de ses publics.<\/h5><\/div><div class=\"slowed-images\">\n<div class=\"slowed-image\"><img decoding=\"async\" src=\"https:\/\/alexislyotard.com\/wp-content\/uploads\/2025\/12\/mockup-1.jpg\" alt=\"\" \/><\/div>\n\n\n\n<div class=\"slowed-image\"><img decoding=\"async\" src=\"https:\/\/alexislyotard.com\/wp-content\/uploads\/2024\/10\/1719411745110.jpeg\" alt=\"\" \/><\/div>\n\n\n\n<div class=\"slowed-image\"><img decoding=\"async\" src=\"https:\/\/alexislyotard.com\/wp-content\/uploads\/2024\/10\/test-23-scaled-e1728039282696.jpg\" alt=\"\" \/><\/div>\n<\/div><\/div>\n<\/div>\n\n\n\n<div class=\"wp-block-serano-gutenberg-container content-row dark-section normal row_padding_top\" data-bgcolor=\"#171717\" style=\"text-align:center\">\n<h2 class=\"wp-block-heading has-mask-fill\">Prolonger la r\u00e9flexion<\/h2>\n\n\n\n<p class=\"has-opacity\">En parall\u00e8le de mon activit\u00e9, je partage des r\u00e9flexions autour de l\u2019image et de la pr\u00e9sence en ligne, \u00e0 partir de situations concr\u00e8tes rencontr\u00e9es sur le terrain. Ces contenus permettent de mieux comprendre mon approche et ma mani\u00e8re de travailler.<\/p>\n\n\n\n<div class=\"button-box \"><div class=\"clapat-button-wrap parallax-wrap hide-ball\"><div class=\"clapat-button parallax-element\"><div class=\"button-border parallax-element-second rounded\"><a class=\"\" href=\"https:\/\/www.youtube.com\/@alyotard\/featured\" target=\"_blank\" rel=\"noopener\"><span data-hover=\"Voir les vid\u00e9os\">Voir les vid\u00e9os<\/span><\/a><\/div><\/div><\/div><\/div>\n<\/div>\n\n\n\n<div class=\"wp-block-serano-gutenberg-container content-row dark-section normal row_padding_top\" data-bgcolor=\"#171717\" style=\"text-align:center\">\n<h2 class=\"wp-block-heading has-mask-fill\">Outils<\/h2>\n\n\n\n<p class=\"has-opacity\">Quelques-uns de mes logiciels de pr\u00e9dilection.<\/p>\n\n\n\n<div class=\"wp-block-spacer\" style=\"height: 60px;\" aria-hidden=\"true\">\u00a0<\/div>\n<\/div>\n\n\n\n<div class=\"wp-block-serano-gutenberg-container content-row dark-section normal\" data-bgcolor=\"#171717\" style=\"text-align:center\">\n<ul class=\"wp-block-serano-gutenberg-clients clients-table\" data-delay=\"0\">\n<li class=\"link\"><img decoding=\"async\" src=\"https:\/\/www.al-studio.fr\/wp-content\/uploads\/2024\/10\/indesign_Plan-de-travail-1.png\" alt=\"client image\" \/><\/li>\n\n\n\n<li class=\"link\"><img decoding=\"async\" src=\"https:\/\/alexislyotard.com\/wp-content\/uploads\/2024\/10\/illustrator_Plan-de-travail-1.png\" alt=\"client image\" \/><\/li>\n\n\n\n<li class=\"link\"><img decoding=\"async\" src=\"https:\/\/www.al-studio.fr\/wp-content\/uploads\/2024\/10\/photsoshop_Plan-de-travail-1.png\" alt=\"client image\" \/><\/li>\n\n\n\n<li class=\"link\"><img decoding=\"async\" src=\"https:\/\/alexislyotard.com\/wp-content\/uploads\/2024\/10\/premiere-pro_Plan-de-travail-1.png\" alt=\"client image\" \/><\/li>\n\n\n\n<li class=\"link\"><img decoding=\"async\" src=\"https:\/\/alexislyotard.com\/wp-content\/uploads\/2024\/10\/after-effects_Plan-de-travail-1.png\" alt=\"client image\" \/><\/li>\n\n\n\n<li class=\"link\"><img decoding=\"async\" src=\"https:\/\/www.al-studio.fr\/wp-content\/uploads\/2025\/06\/chat-gpt_Plan-de-travail-1.png\" alt=\"client image\" \/><\/li>\n\n\n\n<li class=\"link\"><img decoding=\"async\" src=\"https:\/\/www.al-studio.fr\/wp-content\/uploads\/2024\/10\/midjourney_Plan-de-travail-1.png\" alt=\"client image\" \/><\/li>\n\n\n\n<li class=\"link\"><img decoding=\"async\" src=\"https:\/\/www.al-studio.fr\/wp-content\/uploads\/2024\/10\/kling_Plan-de-travail-1.png\" alt=\"client image\" \/><\/li>\n<\/ul>\n\n\n\n<div class=\"wp-block-spacer\" style=\"height: 10px;\" aria-hidden=\"true\">\u00a0<\/div>\n<\/div>\n\n\n\n<p>&nbsp;<\/p>\n","protected":false},"excerpt":{"rendered":"<p>&nbsp;<\/p>\n","protected":false},"author":1,"featured_media":0,"parent":0,"menu_order":0,"comment_status":"closed","ping_status":"closed","template":"","meta":{"footnotes":""},"class_list":["post-2584","page","type-page","status-publish","hentry"],"yoast_head":"<!-- This site is optimized with the Yoast SEO plugin v26.6 - https:\/\/yoast.com\/wordpress\/plugins\/seo\/ -->\n<title>\u00c0 Propos<\/title>\n<meta name=\"description\" content=\"Graphiste freelance bas\u00e9 en Haute-Loire, je suis sp\u00e9cialis\u00e9 dans la cr\u00e9ation graphique, les identit\u00e9s visuelles, RS et sites internet.\" \/>\n<meta name=\"robots\" content=\"index, follow, max-snippet:-1, max-image-preview:large, max-video-preview:-1\" \/>\n<link rel=\"canonical\" href=\"https:\/\/alexislyotard.com\/?page_id=2584\" \/>\n<meta property=\"og:locale\" content=\"fr_FR\" \/>\n<meta property=\"og:type\" content=\"article\" \/>\n<meta property=\"og:title\" content=\"\u00c0 Propos\" \/>\n<meta property=\"og:description\" content=\"Graphiste freelance bas\u00e9 en Haute-Loire, je suis sp\u00e9cialis\u00e9 dans la cr\u00e9ation graphique, les identit\u00e9s visuelles, RS et sites internet.\" \/>\n<meta property=\"og:url\" content=\"https:\/\/alexislyotard.com\/?page_id=2584\" \/>\n<meta property=\"og:site_name\" content=\"Alexis Lyotard - Graphiste\" \/>\n<meta property=\"article:modified_time\" content=\"2026-03-11T09:40:39+00:00\" \/>\n<meta name=\"twitter:card\" content=\"summary_large_image\" \/>\n<meta name=\"twitter:label1\" content=\"Dur\u00e9e de lecture estim\u00e9e\" \/>\n\t<meta name=\"twitter:data1\" content=\"1 minute\" \/>\n<script type=\"application\/ld+json\" class=\"yoast-schema-graph\">{\"@context\":\"https:\/\/schema.org\",\"@graph\":[{\"@type\":\"WebPage\",\"@id\":\"https:\/\/alexislyotard.com\/?page_id=2584\",\"url\":\"https:\/\/alexislyotard.com\/?page_id=2584\",\"name\":\"\u00c0 Propos\",\"isPartOf\":{\"@id\":\"https:\/\/alexislyotard.com\/#website\"},\"datePublished\":\"2023-08-03T10:32:21+00:00\",\"dateModified\":\"2026-03-11T09:40:39+00:00\",\"description\":\"Graphiste freelance bas\u00e9 en Haute-Loire, je suis sp\u00e9cialis\u00e9 dans la cr\u00e9ation graphique, les identit\u00e9s visuelles, RS et sites internet.\",\"breadcrumb\":{\"@id\":\"https:\/\/alexislyotard.com\/?page_id=2584#breadcrumb\"},\"inLanguage\":\"fr-FR\",\"potentialAction\":[{\"@type\":\"ReadAction\",\"target\":[\"https:\/\/alexislyotard.com\/?page_id=2584\"]}]},{\"@type\":\"BreadcrumbList\",\"@id\":\"https:\/\/alexislyotard.com\/?page_id=2584#breadcrumb\",\"itemListElement\":[{\"@type\":\"ListItem\",\"position\":1,\"name\":\"Accueil\",\"item\":\"https:\/\/alexislyotard.com\/\"},{\"@type\":\"ListItem\",\"position\":2,\"name\":\"\u00c0 Propos\"}]},{\"@type\":\"WebSite\",\"@id\":\"https:\/\/alexislyotard.com\/#website\",\"url\":\"https:\/\/alexislyotard.com\/\",\"name\":\"AL Studio\",\"description\":\"Graphiste &amp; Directeur Artistique Freelance\",\"potentialAction\":[{\"@type\":\"SearchAction\",\"target\":{\"@type\":\"EntryPoint\",\"urlTemplate\":\"https:\/\/alexislyotard.com\/?s={search_term_string}\"},\"query-input\":{\"@type\":\"PropertyValueSpecification\",\"valueRequired\":true,\"valueName\":\"search_term_string\"}}],\"inLanguage\":\"fr-FR\"}]}<\/script>\n<!-- \/ Yoast SEO plugin. -->","yoast_head_json":{"title":"\u00c0 Propos","description":"Graphiste freelance bas\u00e9 en Haute-Loire, je suis sp\u00e9cialis\u00e9 dans la cr\u00e9ation graphique, les identit\u00e9s visuelles, RS et sites internet.","robots":{"index":"index","follow":"follow","max-snippet":"max-snippet:-1","max-image-preview":"max-image-preview:large","max-video-preview":"max-video-preview:-1"},"canonical":"https:\/\/alexislyotard.com\/?page_id=2584","og_locale":"fr_FR","og_type":"article","og_title":"\u00c0 Propos","og_description":"Graphiste freelance bas\u00e9 en Haute-Loire, je suis sp\u00e9cialis\u00e9 dans la cr\u00e9ation graphique, les identit\u00e9s visuelles, RS et sites internet.","og_url":"https:\/\/alexislyotard.com\/?page_id=2584","og_site_name":"Alexis Lyotard - Graphiste","article_modified_time":"2026-03-11T09:40:39+00:00","twitter_card":"summary_large_image","twitter_misc":{"Dur\u00e9e de lecture estim\u00e9e":"1 minute"},"schema":{"@context":"https:\/\/schema.org","@graph":[{"@type":"WebPage","@id":"https:\/\/alexislyotard.com\/?page_id=2584","url":"https:\/\/alexislyotard.com\/?page_id=2584","name":"\u00c0 Propos","isPartOf":{"@id":"https:\/\/alexislyotard.com\/#website"},"datePublished":"2023-08-03T10:32:21+00:00","dateModified":"2026-03-11T09:40:39+00:00","description":"Graphiste freelance bas\u00e9 en Haute-Loire, je suis sp\u00e9cialis\u00e9 dans la cr\u00e9ation graphique, les identit\u00e9s visuelles, RS et sites internet.","breadcrumb":{"@id":"https:\/\/alexislyotard.com\/?page_id=2584#breadcrumb"},"inLanguage":"fr-FR","potentialAction":[{"@type":"ReadAction","target":["https:\/\/alexislyotard.com\/?page_id=2584"]}]},{"@type":"BreadcrumbList","@id":"https:\/\/alexislyotard.com\/?page_id=2584#breadcrumb","itemListElement":[{"@type":"ListItem","position":1,"name":"Accueil","item":"https:\/\/alexislyotard.com\/"},{"@type":"ListItem","position":2,"name":"\u00c0 Propos"}]},{"@type":"WebSite","@id":"https:\/\/alexislyotard.com\/#website","url":"https:\/\/alexislyotard.com\/","name":"AL Studio","description":"Graphiste &amp; Directeur Artistique Freelance","potentialAction":[{"@type":"SearchAction","target":{"@type":"EntryPoint","urlTemplate":"https:\/\/alexislyotard.com\/?s={search_term_string}"},"query-input":{"@type":"PropertyValueSpecification","valueRequired":true,"valueName":"search_term_string"}}],"inLanguage":"fr-FR"}]}},"_links":{"self":[{"href":"https:\/\/alexislyotard.com\/index.php?rest_route=\/wp\/v2\/pages\/2584","targetHints":{"allow":["GET"]}}],"collection":[{"href":"https:\/\/alexislyotard.com\/index.php?rest_route=\/wp\/v2\/pages"}],"about":[{"href":"https:\/\/alexislyotard.com\/index.php?rest_route=\/wp\/v2\/types\/page"}],"author":[{"embeddable":true,"href":"https:\/\/alexislyotard.com\/index.php?rest_route=\/wp\/v2\/users\/1"}],"replies":[{"embeddable":true,"href":"https:\/\/alexislyotard.com\/index.php?rest_route=%2Fwp%2Fv2%2Fcomments&post=2584"}],"version-history":[{"count":60,"href":"https:\/\/alexislyotard.com\/index.php?rest_route=\/wp\/v2\/pages\/2584\/revisions"}],"predecessor-version":[{"id":3889,"href":"https:\/\/alexislyotard.com\/index.php?rest_route=\/wp\/v2\/pages\/2584\/revisions\/3889"}],"wp:attachment":[{"href":"https:\/\/alexislyotard.com\/index.php?rest_route=%2Fwp%2Fv2%2Fmedia&parent=2584"}],"curies":[{"name":"wp","href":"https:\/\/api.w.org\/{rel}","templated":true}]}}