{"id":3810,"date":"2026-02-08T14:39:44","date_gmt":"2026-02-08T14:39:44","guid":{"rendered":"https:\/\/alexislyotard.com\/?page_id=3810"},"modified":"2026-02-08T14:50:16","modified_gmt":"2026-02-08T14:50:16","slug":"services","status":"publish","type":"page","link":"https:\/\/alexislyotard.com\/?page_id=3810","title":{"rendered":"Services"},"content":{"rendered":"\n<div class=\"wp-block-serano-gutenberg-container content-row dark-section normal row_padding_top row_padding_bottom\" data-bgcolor=\"#171717\" style=\"text-align:center\">\n<h2 class=\"wp-block-heading has-mask-fill no-margins\">Clarifier l&rsquo;image d&rsquo;un projet d\u00e8s le premier regard<\/h2>\n\n\n\n<div style=\"height:50px\" aria-hidden=\"true\" class=\"wp-block-spacer\"><\/div>\n\n\n\n<div class=\"wp-block-columns is-layout-flex wp-container-core-columns-is-layout-28f84493 wp-block-columns-is-layout-flex\">\n<div class=\"wp-block-column is-layout-flow wp-block-column-is-layout-flow\" style=\"flex-basis:25%\"><\/div>\n\n\n\n<div class=\"wp-block-column is-layout-flow wp-block-column-is-layout-flow\" style=\"flex-basis:50%\">\n<p class=\"has-text-align-center has-opacity\">Je con\u00e7ois des identit\u00e9s visuelles et des sites web clairs, coh\u00e9rents et durables, pour des projets professionnels ou plus personnels qui souhaitent marquer les esprits.<\/p>\n<\/div>\n<\/div>\n<\/div>\n\n\n\n<div class=\"wp-block-serano-gutenberg-container content-row dark-section normal\" data-bgcolor=\"#171717\" style=\"text-align:left\">\n<dl class=\"wp-block-serano-gutenberg-accordion accordion small-acc\">\n<dt><span class=\"link\">Identit\u00e9 visuelle<\/span><div class=\"acc-icon-wrap parallax-wrap\"><div class=\"acc-button-icon parallax-element\"><i class=\"fa fa-arrow-right\"><\/i><\/div><\/div><\/dt><dd class=\"accordion-content\">La cr\u00e9ation d\u2019une identit\u00e9 visuelle vise \u00e0 rendre un projet lisible, coh\u00e9rent et reconnaissable dans le temps. Le p\u00e9rim\u00e8tre est d\u00e9fini en fonction des besoins r\u00e9els du projet et des supports sur lesquels l\u2019identit\u00e9 sera d\u00e9ploy\u00e9e.<\/dd>\n\n\n\n<dt><span class=\"link\">Site Internet<\/span><div class=\"acc-icon-wrap parallax-wrap\"><div class=\"acc-button-icon parallax-element\"><i class=\"fa fa-arrow-right\"><\/i><\/div><\/div><\/dt><dd class=\"accordion-content\">Chaque site est con\u00e7u comme un outil de communication clair et durable. L\u2019objectif est de proposer une base fiable, lisible et facile \u00e0 prendre en main, en coh\u00e9rence avec l\u2019identit\u00e9 du projet.<\/dd>\n\n\n\n<dt><span class=\"link\">\u00c9v\u00e9nementiel<\/span><div class=\"acc-icon-wrap parallax-wrap\"><div class=\"acc-button-icon parallax-element\"><i class=\"fa fa-arrow-right\"><\/i><\/div><\/div><\/dt><dd class=\"accordion-content\">Les projets \u00e9v\u00e9nementiels, notamment autour du mariage, sont pens\u00e9s comme un ensemble visuel coh\u00e9rent. L\u2019attention est port\u00e9e \u00e0 la typographie, aux formats et au rendu final, afin de garantir une utilisation fluide des supports.<\/dd>\n<\/dl>\n<\/div>\n\n\n\n<div class=\"wp-block-serano-gutenberg-container content-row dark-section normal row_padding_top row_padding_bottom\" data-bgcolor=\"#171717\" style=\"text-align:left\">\n<div class=\"wp-block-serano-gutenberg-right-pinned-section pinned-section\">\n<div class=\"wp-block-serano-gutenberg-scrolling-element scrolling-element left\">\n<figure class=\"has-animation\">\n<a href=\"https:\/\/www.al-studio.fr\/wp-content\/uploads\/2023\/08\/pinned01.jpg\" class=\"image-link\" target=\"_blank\" rel=\"noopener\"><img decoding=\"async\" src=\"https:\/\/alexislyotard.com\/wp-content\/uploads\/2026\/02\/overload-vertical-2-614x1024.jpg\" alt=\"Image Title\"><\/a>\n<\/figure>\n<\/div>\n\n\n\n<div class=\"wp-block-serano-gutenberg-pinned-element pinned-element right\">\n<h5 class=\"has-mask-fill\">Identit\u00e9 Visuelle<\/h5>\n<p class=\"has-animation\">Mon approche consiste \u00e0 concevoir des syst\u00e8mes graphiques durables, pens\u00e9s pour s\u2019adapter \u00e0 diff\u00e9rents contextes et \u00e9voluer dans le temps, plut\u00f4t que de se limiter \u00e0 un simple signe graphique. <br class=\"destroy\"> <ul>\n  <li>Logo et d\u00e9clinaisons<\/li>\n  <li>Palette de couleurs<\/li>\n  <li>S\u00e9lection typographique<\/li>\n  <li>Brandboard ou charte graphique<\/li>\n  <li>D\u00e9clinaisons sur supports print et digitaux<\/li>\n  <li>Cession des droits d\u2019auteur<\/li>\n<\/ul>\n<p><em>Le p\u00e9rim\u00e8tre est toujours d\u00e9fini en amont, en fonction des besoins r\u00e9els et des objectifs du projet.<\/em><\/p>\n<\/div>\n<\/div>\n<\/div>\n\n\n\n<div class=\"wp-block-serano-gutenberg-container content-row dark-section normal\" data-bgcolor=\"#171717\" style=\"text-align:left\">\n<div class=\"wp-block-serano-gutenberg-left-pinned-section pinned-section\">\n<div class=\"wp-block-serano-gutenberg-pinned-element pinned-element left\">\n<h5 class=\"has-mask-fill\">Site Internet WordPress<\/h5>\n<p class=\"has-animation\">Je con\u00e7ois des sites WordPress clairs et fonctionnels, pens\u00e9s comme des outils de communication simples \u00e0 prendre en main et coh\u00e9rents avec l\u2019identit\u00e9 visuelle du projet. <br class=\"destroy\"> <ul>\n  <li>Site vitrine WordPress (jusqu\u2019\u00e0 5 pages)<\/li>\n  <li>Design responsive<\/li>\n  <li>Int\u00e9gration de l\u2019identit\u00e9 visuelle<\/li>\n  <li>Structure de contenu claire<\/li>\n  <li>Formulaire de contact fonctionnel<\/li>\n  <li>Prise en main simplifi\u00e9e<\/li>\n<\/ul>\n<p><em>L\u2019objectif est de proposer une base fiable, lisible et \u00e9volutive, sans complexit\u00e9 inutile.<\/em><\/p>\n<\/div>\n\n\n\n<div class=\"wp-block-serano-gutenberg-scrolling-element scrolling-element right\">\n<figure class=\"has-animation\">\n<a href=\"https:\/\/www.al-studio.fr\/wp-content\/uploads\/2023\/08\/pinned01.jpg\" class=\"image-link\" target=\"_blank\" rel=\"noopener\"><img decoding=\"async\" src=\"https:\/\/alexislyotard.com\/wp-content\/uploads\/2026\/02\/sequence-vertical-4-614x1024.jpg\" alt=\"Image Title\"><\/a>\n<\/figure>\n<\/div>\n<\/div>\n<\/div>\n\n\n\n<div class=\"wp-block-serano-gutenberg-container content-row dark-section normal row_padding_top row_padding_bottom\" data-bgcolor=\"#171717\" style=\"text-align:left\">\n<div class=\"wp-block-serano-gutenberg-right-pinned-section pinned-section\">\n<div class=\"wp-block-serano-gutenberg-scrolling-element scrolling-element left\">\n<figure class=\"has-animation\">\n<a href=\"https:\/\/www.al-studio.fr\/wp-content\/uploads\/2023\/08\/pinned01.jpg\" class=\"image-link\" target=\"_blank\" rel=\"noopener\"><img decoding=\"async\" src=\"https:\/\/alexislyotard.com\/wp-content\/uploads\/2026\/02\/mariage-vertical-3-614x1024.jpg\" alt=\"Image Title\"><\/a>\n<\/figure>\n<\/div>\n\n\n\n<div class=\"wp-block-serano-gutenberg-pinned-element pinned-element right\">\n<h5 class=\"has-mask-fill\">\u00c9v\u00e9nementiel<\/h5>\n<p class=\"has-animation\">Les projets \u00e9v\u00e9nementiels, et en particulier le mariage, demandent une attention particuli\u00e8re port\u00e9e aux d\u00e9tails, aux formats et au rendu final.\nLes supports sont pens\u00e9s comme un ensemble visuel coh\u00e9rent, afin d\u2019accompagner un moment unique sans surcharge ni artifice inutile. <br class=\"destroy\"> <ul>\n  <li>Faire-part et save the date<\/li>\n  <li>D\u00e9clinaison des support (RSVP, menu&#8230;)<\/li>\n  <li>Ajustements typographiques et formats<\/li>\n  <li>Livraison des fichiers haute d\u00e9finition<\/li>\n  <li>Cession des droits d\u2019auteur<\/li>\n<\/ul>\n<p><em>Les cr\u00e9ations sont livr\u00e9es sous forme de fichiers pr\u00eats \u00e0 \u00eatre imprim\u00e9s ou partag\u00e9s, aupr\u00e8s du prestataire de votre choix.<\/em><\/p>\n<\/div>\n<\/div>\n<\/div>\n\n\n\n<div class=\"wp-block-serano-gutenberg-container content-row dark-section normal\" data-bgcolor=\"#171717\" style=\"text-align:center\">\n<div class=\"button-box \"><div class=\"clapat-button-wrap parallax-wrap hide-ball\"><div class=\"clapat-button parallax-element\"><div class=\"button-border parallax-element-second rounded\"><a class=\"\" href=\"mailto:al************@***il.com\" target=\"_blank\"><span data-hover=\"Discutons de votre projet\">Discutons de votre projet<\/span><\/a><\/div><\/div><\/div><\/div>\n<\/div>\n","protected":false},"excerpt":{"rendered":"Clarifier l'image d'un projet d\u00e8s le premier regard Je con\u00e7ois des identit\u00e9s visuelles et des sites web clairs, coh\u00e9rents et durables, pour des projets professionnels ou plus personnels qui souhaitent marquer les esprits. Identit\u00e9 visuelleLa [...]","protected":false},"author":1,"featured_media":0,"parent":0,"menu_order":0,"comment_status":"closed","ping_status":"closed","template":"","meta":{"footnotes":""},"class_list":["post-3810","page","type-page","status-publish","hentry"],"yoast_head":"<!-- This site is optimized with the Yoast SEO plugin v26.6 - https:\/\/yoast.com\/wordpress\/plugins\/seo\/ -->\n<title>Services - Alexis Lyotard - Graphiste<\/title>\n<meta name=\"robots\" content=\"index, follow, max-snippet:-1, max-image-preview:large, max-video-preview:-1\" \/>\n<link rel=\"canonical\" href=\"https:\/\/alexislyotard.com\/?page_id=3810\" \/>\n<meta property=\"og:locale\" content=\"fr_FR\" \/>\n<meta property=\"og:type\" content=\"article\" \/>\n<meta property=\"og:title\" content=\"Services - Alexis Lyotard - Graphiste\" \/>\n<meta property=\"og:url\" content=\"https:\/\/alexislyotard.com\/?page_id=3810\" \/>\n<meta property=\"og:site_name\" content=\"Alexis Lyotard - Graphiste\" \/>\n<meta property=\"article:modified_time\" content=\"2026-02-08T14:50:16+00:00\" \/>\n<meta property=\"og:image\" content=\"https:\/\/alexislyotard.com\/wp-content\/uploads\/2026\/02\/overload-vertical-2-614x1024.jpg\" \/>\n<meta name=\"twitter:card\" content=\"summary_large_image\" \/>\n<meta name=\"twitter:label1\" content=\"Dur\u00e9e de lecture estim\u00e9e\" \/>\n\t<meta name=\"twitter:data1\" content=\"3 minutes\" \/>\n<script type=\"application\/ld+json\" class=\"yoast-schema-graph\">{\"@context\":\"https:\/\/schema.org\",\"@graph\":[{\"@type\":\"WebPage\",\"@id\":\"https:\/\/alexislyotard.com\/?page_id=3810\",\"url\":\"https:\/\/alexislyotard.com\/?page_id=3810\",\"name\":\"Services - Alexis Lyotard - Graphiste\",\"isPartOf\":{\"@id\":\"https:\/\/alexislyotard.com\/#website\"},\"primaryImageOfPage\":{\"@id\":\"https:\/\/alexislyotard.com\/?page_id=3810#primaryimage\"},\"image\":{\"@id\":\"https:\/\/alexislyotard.com\/?page_id=3810#primaryimage\"},\"thumbnailUrl\":\"https:\/\/alexislyotard.com\/wp-content\/uploads\/2026\/02\/overload-vertical-2-614x1024.jpg\",\"datePublished\":\"2026-02-08T14:39:44+00:00\",\"dateModified\":\"2026-02-08T14:50:16+00:00\",\"breadcrumb\":{\"@id\":\"https:\/\/alexislyotard.com\/?page_id=3810#breadcrumb\"},\"inLanguage\":\"fr-FR\",\"potentialAction\":[{\"@type\":\"ReadAction\",\"target\":[\"https:\/\/alexislyotard.com\/?page_id=3810\"]}]},{\"@type\":\"ImageObject\",\"inLanguage\":\"fr-FR\",\"@id\":\"https:\/\/alexislyotard.com\/?page_id=3810#primaryimage\",\"url\":\"https:\/\/alexislyotard.com\/wp-content\/uploads\/2026\/02\/overload-vertical-2.jpg\",\"contentUrl\":\"https:\/\/alexislyotard.com\/wp-content\/uploads\/2026\/02\/overload-vertical-2.jpg\",\"width\":1296,\"height\":2162},{\"@type\":\"BreadcrumbList\",\"@id\":\"https:\/\/alexislyotard.com\/?page_id=3810#breadcrumb\",\"itemListElement\":[{\"@type\":\"ListItem\",\"position\":1,\"name\":\"Accueil\",\"item\":\"https:\/\/alexislyotard.com\/\"},{\"@type\":\"ListItem\",\"position\":2,\"name\":\"Services\"}]},{\"@type\":\"WebSite\",\"@id\":\"https:\/\/alexislyotard.com\/#website\",\"url\":\"https:\/\/alexislyotard.com\/\",\"name\":\"AL Studio\",\"description\":\"Graphiste &amp; Directeur Artistique Freelance\",\"potentialAction\":[{\"@type\":\"SearchAction\",\"target\":{\"@type\":\"EntryPoint\",\"urlTemplate\":\"https:\/\/alexislyotard.com\/?s={search_term_string}\"},\"query-input\":{\"@type\":\"PropertyValueSpecification\",\"valueRequired\":true,\"valueName\":\"search_term_string\"}}],\"inLanguage\":\"fr-FR\"}]}<\/script>\n<!-- \/ Yoast SEO plugin. -->","yoast_head_json":{"title":"Services - Alexis Lyotard - Graphiste","robots":{"index":"index","follow":"follow","max-snippet":"max-snippet:-1","max-image-preview":"max-image-preview:large","max-video-preview":"max-video-preview:-1"},"canonical":"https:\/\/alexislyotard.com\/?page_id=3810","og_locale":"fr_FR","og_type":"article","og_title":"Services - Alexis Lyotard - Graphiste","og_url":"https:\/\/alexislyotard.com\/?page_id=3810","og_site_name":"Alexis Lyotard - Graphiste","article_modified_time":"2026-02-08T14:50:16+00:00","og_image":[{"url":"https:\/\/alexislyotard.com\/wp-content\/uploads\/2026\/02\/overload-vertical-2-614x1024.jpg","type":"","width":"","height":""}],"twitter_card":"summary_large_image","twitter_misc":{"Dur\u00e9e de lecture estim\u00e9e":"3 minutes"},"schema":{"@context":"https:\/\/schema.org","@graph":[{"@type":"WebPage","@id":"https:\/\/alexislyotard.com\/?page_id=3810","url":"https:\/\/alexislyotard.com\/?page_id=3810","name":"Services - Alexis Lyotard - Graphiste","isPartOf":{"@id":"https:\/\/alexislyotard.com\/#website"},"primaryImageOfPage":{"@id":"https:\/\/alexislyotard.com\/?page_id=3810#primaryimage"},"image":{"@id":"https:\/\/alexislyotard.com\/?page_id=3810#primaryimage"},"thumbnailUrl":"https:\/\/alexislyotard.com\/wp-content\/uploads\/2026\/02\/overload-vertical-2-614x1024.jpg","datePublished":"2026-02-08T14:39:44+00:00","dateModified":"2026-02-08T14:50:16+00:00","breadcrumb":{"@id":"https:\/\/alexislyotard.com\/?page_id=3810#breadcrumb"},"inLanguage":"fr-FR","potentialAction":[{"@type":"ReadAction","target":["https:\/\/alexislyotard.com\/?page_id=3810"]}]},{"@type":"ImageObject","inLanguage":"fr-FR","@id":"https:\/\/alexislyotard.com\/?page_id=3810#primaryimage","url":"https:\/\/alexislyotard.com\/wp-content\/uploads\/2026\/02\/overload-vertical-2.jpg","contentUrl":"https:\/\/alexislyotard.com\/wp-content\/uploads\/2026\/02\/overload-vertical-2.jpg","width":1296,"height":2162},{"@type":"BreadcrumbList","@id":"https:\/\/alexislyotard.com\/?page_id=3810#breadcrumb","itemListElement":[{"@type":"ListItem","position":1,"name":"Accueil","item":"https:\/\/alexislyotard.com\/"},{"@type":"ListItem","position":2,"name":"Services"}]},{"@type":"WebSite","@id":"https:\/\/alexislyotard.com\/#website","url":"https:\/\/alexislyotard.com\/","name":"AL Studio","description":"Graphiste &amp; Directeur Artistique Freelance","potentialAction":[{"@type":"SearchAction","target":{"@type":"EntryPoint","urlTemplate":"https:\/\/alexislyotard.com\/?s={search_term_string}"},"query-input":{"@type":"PropertyValueSpecification","valueRequired":true,"valueName":"search_term_string"}}],"inLanguage":"fr-FR"}]}},"_links":{"self":[{"href":"https:\/\/alexislyotard.com\/index.php?rest_route=\/wp\/v2\/pages\/3810","targetHints":{"allow":["GET"]}}],"collection":[{"href":"https:\/\/alexislyotard.com\/index.php?rest_route=\/wp\/v2\/pages"}],"about":[{"href":"https:\/\/alexislyotard.com\/index.php?rest_route=\/wp\/v2\/types\/page"}],"author":[{"embeddable":true,"href":"https:\/\/alexislyotard.com\/index.php?rest_route=\/wp\/v2\/users\/1"}],"replies":[{"embeddable":true,"href":"https:\/\/alexislyotard.com\/index.php?rest_route=%2Fwp%2Fv2%2Fcomments&post=3810"}],"version-history":[{"count":43,"href":"https:\/\/alexislyotard.com\/index.php?rest_route=\/wp\/v2\/pages\/3810\/revisions"}],"predecessor-version":[{"id":3872,"href":"https:\/\/alexislyotard.com\/index.php?rest_route=\/wp\/v2\/pages\/3810\/revisions\/3872"}],"wp:attachment":[{"href":"https:\/\/alexislyotard.com\/index.php?rest_route=%2Fwp%2Fv2%2Fmedia&parent=3810"}],"curies":[{"name":"wp","href":"https:\/\/api.w.org\/{rel}","templated":true}]}}